{"id":103318,"date":"2024-10-12T21:17:50","date_gmt":"2024-10-13T00:17:50","guid":{"rendered":"https:\/\/www.cantarkaraoke.com.br\/?post_type=product&#038;p=103318"},"modified":"2024-10-12T21:17:51","modified_gmt":"2024-10-13T00:17:51","slug":"kit-2-cabos-p10xp10-e-auxiliar-p2xp2","status":"publish","type":"product","link":"https:\/\/www.cantarkaraoke.com.br\/?product=kit-2-cabos-p10xp10-e-auxiliar-p2xp2","title":{"rendered":"Kit 2 cabos   p10xp10 e auxiliar P2xp2"},"content":{"rendered":"<p>Kit 2 Cabos<\/p>\n<p>1 cabo p10xp10<\/p>\n<p>1 Cabo\u00a0 P2xp2<\/p>\n<p>ESPECIFICA\u00c7\u00d5ES T\u00c9CNICAS: Cabo p10xp10<\/p>\n<p>Com blindagem dupla livre de ru\u00eddos, conectores precisos e \u00f3tima qualidade. &#8211; PVC de Alta Flexibilidade; &#8211; Conectores e Blindagem em cobre OFHC; &#8211; Dupla Blindagem que garante imunidade a ru\u00eddos e interfer\u00eancias compostas por uma camada de pol\u00edmero semicondutor e malha espiral de cobre &#8211; Conectores: P10 \/ P10 em lat\u00e3o e banhado a n\u00edquel com excelente contato el\u00e9trico. &#8211; Espessura: 6 mm. &#8211; Comprimento: 1.50 metros.<\/p>\n<p>&nbsp;<\/p>\n<p>Cabo p2 x p2<\/p>\n<p>1,5 metro<\/p>\n<p>Todos produtos acompanham embalagem.<\/p>\n<p>Cabo p2 x p2 1 metro<\/p>\n","protected":false},"excerpt":{"rendered":"<p><span class=\"excerpt-hellip\"> [\u2026]<\/span><\/p>\n","protected":false},"featured_media":103319,"template":"","meta":{"_crdt_document":"","pmpro_default_level":"","_joinchat":[]},"product_brand":[],"product_cat":[3384],"product_tag":[3407,3406,3404,3408,3410,3409,3405],"class_list":{"0":"post-103318","1":"product","2":"type-product","3":"status-publish","4":"has-post-thumbnail","6":"product_cat-cabos-e-adaptadores","7":"product_tag-auxiliar-p2","8":"product_tag-cabo-auxiliar","9":"product_tag-cabo-p2-x-p2","10":"product_tag-capo-p10","11":"product_tag-p10-p10","12":"product_tag-p10-x-p10","13":"product_tag-p2","14":"pmpro-has-access","16":"first","17":"instock","18":"shipping-taxable","19":"purchasable","20":"product-type-simple"},"_links":{"self":[{"href":"https:\/\/www.cantarkaraoke.com.br\/index.php?rest_route=\/wp\/v2\/product\/103318","targetHints":{"allow":["GET"]}}],"collection":[{"href":"https:\/\/www.cantarkaraoke.com.br\/index.php?rest_route=\/wp\/v2\/product"}],"about":[{"href":"https:\/\/www.cantarkaraoke.com.br\/index.php?rest_route=\/wp\/v2\/types\/product"}],"wp:featuredmedia":[{"embeddable":true,"href":"https:\/\/www.cantarkaraoke.com.br\/index.php?rest_route=\/wp\/v2\/media\/103319"}],"wp:attachment":[{"href":"https:\/\/www.cantarkaraoke.com.br\/index.php?rest_route=%2Fwp%2Fv2%2Fmedia&parent=103318"}],"wp:term":[{"taxonomy":"product_brand","embeddable":true,"href":"https:\/\/www.cantarkaraoke.com.br\/index.php?rest_route=%2Fwp%2Fv2%2Fproduct_brand&post=103318"},{"taxonomy":"product_cat","embeddable":true,"href":"https:\/\/www.cantarkaraoke.com.br\/index.php?rest_route=%2Fwp%2Fv2%2Fproduct_cat&post=103318"},{"taxonomy":"product_tag","embeddable":true,"href":"https:\/\/www.cantarkaraoke.com.br\/index.php?rest_route=%2Fwp%2Fv2%2Fproduct_tag&post=103318"}],"curies":[{"name":"wp","href":"https:\/\/api.w.org\/{rel}","templated":true}]}}