{"id":103286,"date":"2024-10-12T19:11:08","date_gmt":"2024-10-12T22:11:08","guid":{"rendered":"https:\/\/www.cantarkaraoke.com.br\/?post_type=product&#038;p=103286"},"modified":"2024-10-12T19:11:09","modified_gmt":"2024-10-12T22:11:09","slug":"conversor-adaptador-hdmi2-para-vga-hdmi-x-vga-cabo","status":"publish","type":"product","link":"https:\/\/www.cantarkaraoke.com.br\/?product=conversor-adaptador-hdmi2-para-vga-hdmi-x-vga-cabo","title":{"rendered":"Conversor Adaptador Hdmi2 Para Vga Hdmi X Vga + Cabo"},"content":{"rendered":"<p>Introdu\u00e7\u00e3o:<\/p>\n<p>O HDMI para VGA \u00e9 um conversor de v\u00eddeo HD que converte sinal HDMI para sinal anal\u00f3gico VGA . Ajudando usu\u00e1rios que desejam transformar o sinal HDMI em VGA, a utiliza\u00e7\u00e3o do aparelho \u00e9 muito f\u00e1cil. Basta plugar os cabos, ligar o cabo USB de alimenta\u00e7\u00e3o e utilizar.<br \/>\n-Vale ressaltar que o aparelho n\u00e3o converte o sinal de forma inversa, ent\u00e3o ele apenas transforma o sinal HDMI em sinal VGA, n\u00e3o fazendo a fun\u00e7\u00e3o inversa.<\/p>\n<p>Caracter\u00edsticas:<\/p>\n<p>\u00b7 N\u00e3o h\u00e1 necessidade de instalar drivers, port\u00e1til, flex\u00edvel.<br \/>\n\u00b7 Baixo consumo de energia via USB.<br \/>\n\u00b7 sincroniza\u00e7\u00e3o de \u00e1udio com v\u00eddeo<br \/>\n\u00b7 capacidade de largura de banda de apoio @ 60Hz<\/p>\n<p>Especifica\u00e7\u00f5es:<\/p>\n<p>\u00b7 Porta de entrada: HDMI F\u00eamea<br \/>\n\u00b7 Porta de sa\u00edda: VGA F\u00eamea e P2 3.5mm<br \/>\n\u00b7 Dimens\u00f5es : 60 x 54 x 20<br \/>\n\u00b7 Cor: branco<\/p>\n<p>Itens inclusos:<\/p>\n<p>&#8211; 1 x Conversor sa\u00edda HDMI Para VGA<br \/>\n&#8211; 1 x Cabo Usb 2.0 para alimenta\u00e7\u00e3o<\/p>\n","protected":false},"excerpt":{"rendered":"<p><span class=\"excerpt-hellip\"> [\u2026]<\/span><\/p>\n","protected":false},"featured_media":103287,"template":"","meta":{"_crdt_document":"","pmpro_default_level":"","_joinchat":[]},"product_brand":[],"product_cat":[3384],"product_tag":[3388,3386,3385,3387],"class_list":{"0":"post-103286","1":"product","2":"type-product","3":"status-publish","4":"has-post-thumbnail","6":"product_cat-cabos-e-adaptadores","7":"product_tag-adaptador","8":"product_tag-conversor","9":"product_tag-hdmi","10":"product_tag-hdmi-para-vga","11":"pmpro-has-access","13":"first","14":"instock","15":"shipping-taxable","16":"purchasable","17":"product-type-simple"},"_links":{"self":[{"href":"https:\/\/www.cantarkaraoke.com.br\/index.php?rest_route=\/wp\/v2\/product\/103286","targetHints":{"allow":["GET"]}}],"collection":[{"href":"https:\/\/www.cantarkaraoke.com.br\/index.php?rest_route=\/wp\/v2\/product"}],"about":[{"href":"https:\/\/www.cantarkaraoke.com.br\/index.php?rest_route=\/wp\/v2\/types\/product"}],"wp:featuredmedia":[{"embeddable":true,"href":"https:\/\/www.cantarkaraoke.com.br\/index.php?rest_route=\/wp\/v2\/media\/103287"}],"wp:attachment":[{"href":"https:\/\/www.cantarkaraoke.com.br\/index.php?rest_route=%2Fwp%2Fv2%2Fmedia&parent=103286"}],"wp:term":[{"taxonomy":"product_brand","embeddable":true,"href":"https:\/\/www.cantarkaraoke.com.br\/index.php?rest_route=%2Fwp%2Fv2%2Fproduct_brand&post=103286"},{"taxonomy":"product_cat","embeddable":true,"href":"https:\/\/www.cantarkaraoke.com.br\/index.php?rest_route=%2Fwp%2Fv2%2Fproduct_cat&post=103286"},{"taxonomy":"product_tag","embeddable":true,"href":"https:\/\/www.cantarkaraoke.com.br\/index.php?rest_route=%2Fwp%2Fv2%2Fproduct_tag&post=103286"}],"curies":[{"name":"wp","href":"https:\/\/api.w.org\/{rel}","templated":true}]}}