{"id":103272,"date":"2024-10-12T18:45:22","date_gmt":"2024-10-12T21:45:22","guid":{"rendered":"https:\/\/www.cantarkaraoke.com.br\/?post_type=product&#038;p=103272"},"modified":"2024-10-12T18:45:23","modified_gmt":"2024-10-12T21:45:23","slug":"suporte-pedestal-microfone-ibox-smmax-cachimbo-ibox-entrega-gratis","status":"publish","type":"product","link":"https:\/\/www.cantarkaraoke.com.br\/?product=suporte-pedestal-microfone-ibox-smmax-cachimbo-ibox-entrega-gratis","title":{"rendered":"Suporte Pedestal Microfone Ibox SMMAX + Cachimbo Ibox Entrega Gr\u00e1tis"},"content":{"rendered":"<p>Kit Pedestal Para Microfone Smmax Ibox + Cachimbo MH02 Ibox<\/p>\n<p>O Pedestal girafa para microfone Smmax conta com design inovador, regulagem com gatilho para ajuste r\u00e1pido de extens\u00e3o e altura, trip\u00e9 antiderrapante retr\u00e1til e pintura eletrost\u00e1tica. Vale lembrar que o cachimbo da Ibox modelo MH02 \u00e9 universal e pode ser utilizados em microfones com ou sem fio<\/p>\n<p>Especifica\u00e7\u00f5es T\u00e9cnicas Pedestal:<br \/>\n\u2022 Modelo: Smmax<br \/>\n\u2022 Material: Tubos de a\u00e7o com pintura eletrost\u00e1tica e pe\u00e7as de pl\u00e1stico injetado de alta resist\u00eancia nas juntas e articula\u00e7\u00f5es<br \/>\n\u2022 Sistema de Gatilho r\u00e1pido, eliminando os problemas com as manoplas de rosca<br \/>\n\u2022 Medida da rosca: 5\/8&#8243;<br \/>\n\u2022 Altura m\u00e1xima de 165 cm<br \/>\n\u2022 Altura m\u00e1xima de 85 cm<br \/>\n\u2022 Tamanho minimo de 81 cm<br \/>\n\u2022 Comprimento da haste da girafa 52 cm<\/p>\n<p>Especifica\u00e7\u00f5es T\u00e9cnicas do Cachimbo:<br \/>\n\u2022 Marca: Ibox<br \/>\n\u2022 Cor: Preto<br \/>\n\u2022 Material: Pl\u00e1stico<br \/>\n\u2022 Altura: 8cm<br \/>\n\u2022 Haste: 4,5cm<br \/>\n\u2022 Encaixe do microfone: 20 mm<\/p>\n<p>Observa\u00e7\u00f5es:<br \/>\n\u2022 O Cachimbo serve para microfones com e sem fio!<br \/>\n\u2022 Sistema de Gatilho r\u00e1pido<br \/>\n\u2022 Rosca universal (5\/8&#8243;)<\/p>\n<p>Itens Inclusos:<br \/>\n01 Pedestal Para Microfone Smmax Ibox<br \/>\n01 Cachimbo Para Microfone Universal MH02 Ibox<\/p>\n","protected":false},"excerpt":{"rendered":"<p><span class=\"excerpt-hellip\"> [\u2026]<\/span><\/p>\n","protected":false},"featured_media":103275,"template":"","meta":{"_crdt_document":"","pmpro_default_level":"","_joinchat":[]},"product_brand":[],"product_cat":[3374],"product_tag":[3373,3379,3378,3357,3358,3372,3376,3383,3360],"class_list":{"0":"post-103272","1":"product","2":"type-product","3":"status-publish","4":"has-post-thumbnail","6":"product_cat-microfone","7":"product_tag-app-karaoke","8":"product_tag-caixa-amplificada","9":"product_tag-caixa-de-som","10":"product_tag-cantar-karaoke","11":"product_tag-karaoke","12":"product_tag-karaoke-on-line","13":"product_tag-microfone","14":"product_tag-pedestal","15":"product_tag-videoke","16":"pmpro-has-access","18":"first","19":"instock","20":"shipping-taxable","21":"purchasable","22":"product-type-simple"},"_links":{"self":[{"href":"https:\/\/www.cantarkaraoke.com.br\/index.php?rest_route=\/wp\/v2\/product\/103272","targetHints":{"allow":["GET"]}}],"collection":[{"href":"https:\/\/www.cantarkaraoke.com.br\/index.php?rest_route=\/wp\/v2\/product"}],"about":[{"href":"https:\/\/www.cantarkaraoke.com.br\/index.php?rest_route=\/wp\/v2\/types\/product"}],"wp:featuredmedia":[{"embeddable":true,"href":"https:\/\/www.cantarkaraoke.com.br\/index.php?rest_route=\/wp\/v2\/media\/103275"}],"wp:attachment":[{"href":"https:\/\/www.cantarkaraoke.com.br\/index.php?rest_route=%2Fwp%2Fv2%2Fmedia&parent=103272"}],"wp:term":[{"taxonomy":"product_brand","embeddable":true,"href":"https:\/\/www.cantarkaraoke.com.br\/index.php?rest_route=%2Fwp%2Fv2%2Fproduct_brand&post=103272"},{"taxonomy":"product_cat","embeddable":true,"href":"https:\/\/www.cantarkaraoke.com.br\/index.php?rest_route=%2Fwp%2Fv2%2Fproduct_cat&post=103272"},{"taxonomy":"product_tag","embeddable":true,"href":"https:\/\/www.cantarkaraoke.com.br\/index.php?rest_route=%2Fwp%2Fv2%2Fproduct_tag&post=103272"}],"curies":[{"name":"wp","href":"https:\/\/api.w.org\/{rel}","templated":true}]}}