{"id":103252,"date":"2024-10-11T15:04:23","date_gmt":"2024-10-11T18:04:23","guid":{"rendered":"https:\/\/www.cantarkaraoke.com.br\/?post_type=product&#038;p=103252"},"modified":"2024-10-11T15:05:24","modified_gmt":"2024-10-11T18:05:24","slug":"mini-teclado-wireless-bluetooth-touchpad-sem-fio-iluminado-teclado-preto","status":"publish","type":"product","link":"https:\/\/www.cantarkaraoke.com.br\/?product=mini-teclado-wireless-bluetooth-touchpad-sem-fio-iluminado-teclado-preto","title":{"rendered":"Mini Teclado Wireless Bluetooth Touchpad Sem Fio Iluminado Teclado Preto"},"content":{"rendered":"<h2 class=\"WjNdTR\"><\/h2>\n<div class=\"Gf4Ro0\">\n<div class=\"e8lZp3\">\n<p class=\"QN2lPu\">O kit de teclado e mouse da keyboard \u00e9 perfeito para ajud\u00e1-lo a realizar suas atividades di\u00e1rias. Essa combina\u00e7\u00e3o \u00e9 adaptada para fazer diferentes tarefas, sejam elas de trabalho, escola ou de qualquer tipo.<\/p>\n<\/div>\n<\/div>\n","protected":false},"excerpt":{"rendered":"<p><span class=\"excerpt-hellip\"> [\u2026]<\/span><\/p>\n","protected":false},"featured_media":103256,"template":"","meta":{"_crdt_document":"","pmpro_default_level":"","_joinchat":[]},"product_brand":[],"product_cat":[3382],"product_tag":[],"class_list":{"0":"post-103252","1":"product","2":"type-product","3":"status-publish","4":"has-post-thumbnail","6":"product_cat-teclado-e-controles","7":"pmpro-has-access","9":"first","10":"instock","11":"sale","12":"shipping-taxable","13":"purchasable","14":"product-type-simple"},"_links":{"self":[{"href":"https:\/\/www.cantarkaraoke.com.br\/index.php?rest_route=\/wp\/v2\/product\/103252","targetHints":{"allow":["GET"]}}],"collection":[{"href":"https:\/\/www.cantarkaraoke.com.br\/index.php?rest_route=\/wp\/v2\/product"}],"about":[{"href":"https:\/\/www.cantarkaraoke.com.br\/index.php?rest_route=\/wp\/v2\/types\/product"}],"wp:featuredmedia":[{"embeddable":true,"href":"https:\/\/www.cantarkaraoke.com.br\/index.php?rest_route=\/wp\/v2\/media\/103256"}],"wp:attachment":[{"href":"https:\/\/www.cantarkaraoke.com.br\/index.php?rest_route=%2Fwp%2Fv2%2Fmedia&parent=103252"}],"wp:term":[{"taxonomy":"product_brand","embeddable":true,"href":"https:\/\/www.cantarkaraoke.com.br\/index.php?rest_route=%2Fwp%2Fv2%2Fproduct_brand&post=103252"},{"taxonomy":"product_cat","embeddable":true,"href":"https:\/\/www.cantarkaraoke.com.br\/index.php?rest_route=%2Fwp%2Fv2%2Fproduct_cat&post=103252"},{"taxonomy":"product_tag","embeddable":true,"href":"https:\/\/www.cantarkaraoke.com.br\/index.php?rest_route=%2Fwp%2Fv2%2Fproduct_tag&post=103252"}],"curies":[{"name":"wp","href":"https:\/\/api.w.org\/{rel}","templated":true}]}}