{"id":103225,"date":"2024-10-11T13:59:45","date_gmt":"2024-10-11T16:59:45","guid":{"rendered":"https:\/\/www.cantarkaraoke.com.br\/?post_type=product&#038;p=103225"},"modified":"2024-10-11T13:59:46","modified_gmt":"2024-10-11T16:59:46","slug":"kit-microfone-profissional-com-2-unidades-com-fio-dinamico","status":"publish","type":"product","link":"https:\/\/www.cantarkaraoke.com.br\/?product=kit-microfone-profissional-com-2-unidades-com-fio-dinamico","title":{"rendered":"Kit Microfone Profissional Com 2 Unidades Com Fio Din\u00e2mico"},"content":{"rendered":"<p>Microfone Din\u00e2mico Com Fio<br \/>\nPar de microfones ideal para karaok\u00ea, igrejas, Palestras entre outros <\/p>\n<p>O Microfone Lelong LE-901 \u00e9 constru\u00eddo com materiais resistentes ao alto impacto, desenvolvidos dentro do mais alto padr\u00e3o de confiabilidade e buscando oferecer ao usu\u00e1rio o melhor desempenho nas mais variadas aplica\u00e7\u00f5es, como sonoriza\u00e7\u00f5es ao vivo, em est\u00fadios ou salas de confer\u00eancia.<br \/>\nSua c\u00e1psula proporciona \u00f3tima resposta de frequ\u00eancia e um alto n\u00edvel de sa\u00edda de sinal, capaz de atender plenamente as necessidades dos mais exigentes profissionais de \u00e1udio.<\/p>\n<p>Especifica\u00e7\u00f5es:<\/p>\n<p>Frequ\u00eancia: 100hz a 15KHz<br \/>\nImped\u00e2ncia: 600 Ohms 30%<br \/>\nSensibilidade: 74dB 3dB<br \/>\nTipo: Din\u00e2mico<br \/>\ncabo 2,5 mts<\/p>\n","protected":false},"excerpt":{"rendered":"<p><span class=\"excerpt-hellip\"> [\u2026]<\/span><\/p>\n","protected":false},"featured_media":103228,"template":"","meta":{"_crdt_document":"","pmpro_default_level":"","_joinchat":[]},"product_brand":[],"product_cat":[3374],"product_tag":[],"class_list":{"0":"post-103225","1":"product","2":"type-product","3":"status-publish","4":"has-post-thumbnail","6":"product_cat-microfone","7":"pmpro-has-access","9":"first","10":"instock","11":"sale","12":"shipping-taxable","13":"purchasable","14":"product-type-simple"},"_links":{"self":[{"href":"https:\/\/www.cantarkaraoke.com.br\/index.php?rest_route=\/wp\/v2\/product\/103225","targetHints":{"allow":["GET"]}}],"collection":[{"href":"https:\/\/www.cantarkaraoke.com.br\/index.php?rest_route=\/wp\/v2\/product"}],"about":[{"href":"https:\/\/www.cantarkaraoke.com.br\/index.php?rest_route=\/wp\/v2\/types\/product"}],"wp:featuredmedia":[{"embeddable":true,"href":"https:\/\/www.cantarkaraoke.com.br\/index.php?rest_route=\/wp\/v2\/media\/103228"}],"wp:attachment":[{"href":"https:\/\/www.cantarkaraoke.com.br\/index.php?rest_route=%2Fwp%2Fv2%2Fmedia&parent=103225"}],"wp:term":[{"taxonomy":"product_brand","embeddable":true,"href":"https:\/\/www.cantarkaraoke.com.br\/index.php?rest_route=%2Fwp%2Fv2%2Fproduct_brand&post=103225"},{"taxonomy":"product_cat","embeddable":true,"href":"https:\/\/www.cantarkaraoke.com.br\/index.php?rest_route=%2Fwp%2Fv2%2Fproduct_cat&post=103225"},{"taxonomy":"product_tag","embeddable":true,"href":"https:\/\/www.cantarkaraoke.com.br\/index.php?rest_route=%2Fwp%2Fv2%2Fproduct_tag&post=103225"}],"curies":[{"name":"wp","href":"https:\/\/api.w.org\/{rel}","templated":true}]}}