{"id":103216,"date":"2024-10-08T21:14:26","date_gmt":"2024-10-09T00:14:26","guid":{"rendered":"https:\/\/www.cantarkaraoke.com.br\/?post_type=product&#038;p=103216"},"modified":"2024-10-08T21:14:26","modified_gmt":"2024-10-09T00:14:26","slug":"plano-de-acesso-bronze-3-dias","status":"publish","type":"product","link":"https:\/\/www.cantarkaraoke.com.br\/?product=plano-de-acesso-bronze-3-dias","title":{"rendered":"Plano de acesso BRONZE  3 Dias"},"content":{"rendered":"<p>Acesso a todas as M\u00fasicas<br \/>\nPlano de acesso 3 Dias<br \/>\nM\u00fasicas Atualizadas at\u00e9 a data atual.<br \/>\nPontua\u00e7\u00e3o para os Cantores Qualidade  Som e Imagem Hd<\/p>\n<p>OBS.. Se optar comprar o acesso aqui na loja a libera\u00e7\u00e3o n\u00e3o ser\u00e1 automatica, ap\u00f3s o pagamento fa\u00e7a o cadastro Gratuito e entrar em contato pelo Whatsapp para Combinar a Libera\u00e7\u00e3o do Karaok\u00ea..<\/p>\n","protected":false},"excerpt":{"rendered":"<p><span class=\"excerpt-hellip\"> [\u2026]<\/span><\/p>\n","protected":false},"featured_media":103220,"template":"","meta":{"_crdt_document":"","pmpro_default_level":"","_joinchat":[]},"product_brand":[],"product_cat":[3356],"product_tag":[3373,3357,3358,3372,3360],"class_list":{"0":"post-103216","1":"product","2":"type-product","3":"status-publish","4":"has-post-thumbnail","6":"product_cat-planos-de-acesso","7":"product_tag-app-karaoke","8":"product_tag-cantar-karaoke","9":"product_tag-karaoke","10":"product_tag-karaoke-on-line","11":"product_tag-videoke","12":"pmpro-has-access","14":"first","15":"instock","16":"virtual","17":"purchasable","18":"product-type-simple"},"_links":{"self":[{"href":"https:\/\/www.cantarkaraoke.com.br\/index.php?rest_route=\/wp\/v2\/product\/103216","targetHints":{"allow":["GET"]}}],"collection":[{"href":"https:\/\/www.cantarkaraoke.com.br\/index.php?rest_route=\/wp\/v2\/product"}],"about":[{"href":"https:\/\/www.cantarkaraoke.com.br\/index.php?rest_route=\/wp\/v2\/types\/product"}],"wp:featuredmedia":[{"embeddable":true,"href":"https:\/\/www.cantarkaraoke.com.br\/index.php?rest_route=\/wp\/v2\/media\/103220"}],"wp:attachment":[{"href":"https:\/\/www.cantarkaraoke.com.br\/index.php?rest_route=%2Fwp%2Fv2%2Fmedia&parent=103216"}],"wp:term":[{"taxonomy":"product_brand","embeddable":true,"href":"https:\/\/www.cantarkaraoke.com.br\/index.php?rest_route=%2Fwp%2Fv2%2Fproduct_brand&post=103216"},{"taxonomy":"product_cat","embeddable":true,"href":"https:\/\/www.cantarkaraoke.com.br\/index.php?rest_route=%2Fwp%2Fv2%2Fproduct_cat&post=103216"},{"taxonomy":"product_tag","embeddable":true,"href":"https:\/\/www.cantarkaraoke.com.br\/index.php?rest_route=%2Fwp%2Fv2%2Fproduct_tag&post=103216"}],"curies":[{"name":"wp","href":"https:\/\/api.w.org\/{rel}","templated":true}]}}