{"id":3,"date":"2022-11-29T10:33:05","date_gmt":"2022-11-29T13:33:05","guid":{"rendered":"https:\/\/www.cantarkaraoke.com.br\/?page_id=3"},"modified":"2024-02-27T23:04:07","modified_gmt":"2024-02-28T02:04:07","slug":"politica-de-privacidade","status":"publish","type":"page","link":"https:\/\/www.cantarkaraoke.com.br\/?page_id=3","title":{"rendered":"Pol\u00edtica de privacidade"},"content":{"rendered":"\r\n<h2 class=\"wp-block-heading\" style=\"text-align: center;\"><strong><span style=\"color: #ff6600;\">Pol\u00edtica de Privacidade<\/span><\/strong><\/h2>\r\n<hr \/>\r\n<p>Na\u00a0<em>DIVERSOM KARAOKE<\/em>, privacidade e seguran\u00e7a s\u00e3o prioridades e nos comprometemos com a transpar\u00eancia do tratamento de dados pessoais dos nossos usu\u00e1rios\/clientes. Por isso, est\u00e1 presente Pol\u00edtica de Privacidade estabelece como \u00e9 feita a coleta, uso e transfer\u00eancia de informa\u00e7\u00f5es de clientes ou outras pessoas que acessam ou usam nosso site.<\/p>\r\n<p>Ao utilizar nossos servi\u00e7os, voc\u00ea entende que coletaremos e usaremos suas informa\u00e7\u00f5es pessoais nas formas descritas nesta Pol\u00edtica, sob as normas da Constitui\u00e7\u00e3o Federal de 1988 (art. 5\u00ba, LXXIX; e o art. 22\u00ba, XXX \u2013 inclu\u00eddos pela EC 115\/2022),<strong>\u00a0<\/strong>das<strong>\u00a0<\/strong>normas de Prote\u00e7\u00e3o de Dados (LGPD, Lei Federal 13.709\/2018), das disposi\u00e7\u00f5es consumeristas da Lei Federal 8078\/1990 e as demais normas do ordenamento jur\u00eddico brasileiro aplic\u00e1veis.<\/p>\r\n<p>Dessa forma, a\u00a0 \u201cDIVERSOM KARAOKE\u201d,no papel de Controladora de Dados, obriga-se ao disposto na presente Pol\u00edtica de Privacidade.<\/p>\r\n<ol>\r\n<li><strong> Quais dados coletamos sobre voc\u00ea e para qual finalidade?<\/strong><\/li>\r\n<\/ol>\r\n<p>Nosso site coleta e utiliza alguns dados pessoais seus, de forma a viabilizar a presta\u00e7\u00e3o de servi\u00e7os e aprimorar a experi\u00eancia de uso.<\/p>\r\n<p><strong>1.1. Dados pessoais fornecidos pelo titular<\/strong><\/p>\r\n<ul>\r\n<li><em>NOME DO USU\u00c1RIO<\/em><\/li>\r\n<li><em>SENHA<\/em><\/li>\r\n<li><em>E-MAIL<\/em><\/li>\r\n<li>TELEFONE<\/li>\r\n<\/ul>\r\n<p><strong>1.2. Dados pessoais coletados automaticamente<\/strong><\/p>\r\n<ul>\r\n<li><em>N\u00c3O COLETAMOS DADOS AUTOMATICAMENTE<\/em><\/li>\r\n<\/ul>\r\n<ol start=\"2\">\r\n<li><strong> Como coletamos os seus dados?<\/strong><\/li>\r\n<\/ol>\r\n<p>Nesse sentido, a coleta dos seus dados pessoais ocorre da seguinte forma:<\/p>\r\n<ul>\r\n<li><em>NA HORA DO CADASTRO PARA ASSINAR UM PLANO E FAZER O PAGAMENTO<\/em><\/li>\r\n<li><em>E NA\u00a0 HORA DE ACESSAR PARA USAR NOSSOS SERVI\u00c7OS<\/em><\/li>\r\n<\/ul>\r\n<p><strong>2.1. Consentimento<\/strong><\/p>\r\n<p>\u00c9 a partir do seu consentimento que tratamos os seus dados pessoais. O consentimento \u00e9 a manifesta\u00e7\u00e3o livre, informada e inequ\u00edvoca pela qual voc\u00ea autoriza a\u00a0<em>DIVERSOM KARAOKE<\/em>\u00a0a tratar seus dados.<\/p>\r\n<p>Assim, em conson\u00e2ncia com a Lei Geral de Prote\u00e7\u00e3o de Dados, seus dados s\u00f3 ser\u00e3o coletados, tratados e armazenados mediante pr\u00e9vio e expresso consentimento.\u00a0<\/p>\r\n<p>O seu consentimento ser\u00e1 obtido de forma espec\u00edfica para cada finalidade acima descrita, evidenciando o compromisso de transpar\u00eancia e boa-f\u00e9 da\u00a0<em>DIVERSOM KARAOKE<\/em>\u00a0para com seus usu\u00e1rios\/clientes, seguindo as regula\u00e7\u00f5es legislativas pertinentes.<\/p>\r\n<p>Ao utilizar os servi\u00e7os da\u00a0<em>DIVERSOM KARAOKE<\/em>\u00a0e fornecer seus dados pessoais, voc\u00ea est\u00e1 ciente e consentindo com as disposi\u00e7\u00f5es desta Pol\u00edtica de Privacidade, al\u00e9m de conhecer seus direitos e como exerc\u00ea-los.<\/p>\r\n<p>A qualquer tempo e sem nenhum custo, voc\u00ea poder\u00e1 revogar seu consentimento.<\/p>\r\n<p>\u00c9 importante destacar que a revoga\u00e7\u00e3o do consentimento para o tratamento dos dados pode implicar a impossibilidade da performance adequada de alguma funcionalidade do site que dependa da opera\u00e7\u00e3o. Tais consequ\u00eancias ser\u00e3o informadas previamente.<\/p>\r\n<ol start=\"3\">\r\n<li><strong> Quais s\u00e3o os seus direitos?<\/strong><\/li>\r\n<\/ol>\r\n<p>A\u00a0<em>DIVERSOM KARAOKE<\/em>\u00a0assegura a seus usu\u00e1rios\/clientes seus direitos de titular previstos no artigo 18 da Lei Geral de Prote\u00e7\u00e3o de Dados. Dessa forma, voc\u00ea pode, de maneira gratuita e a qualquer tempo:<\/p>\r\n<ul>\r\n<li><strong>Confirmar a exist\u00eancia de tratamento de dados<\/strong>, de maneira simplificada ou em formato claro e completo.<\/li>\r\n<li><strong>Acessar seus dados<\/strong>, podendo solicit\u00e1-los em uma c\u00f3pia leg\u00edvel sob forma impressa ou por meio eletr\u00f4nico, seguro e id\u00f4neo.<\/li>\r\n<li><strong>Corrigir seus dados<\/strong>, ao solicitar a edi\u00e7\u00e3o, corre\u00e7\u00e3o ou atualiza\u00e7\u00e3o destes.<\/li>\r\n<li><strong>Limitar seus dados<\/strong>quando desnecess\u00e1rios, excessivos ou tratados em desconformidade com a legisla\u00e7\u00e3o atrav\u00e9s da anonimiza\u00e7\u00e3o, bloqueio ou elimina\u00e7\u00e3o.<\/li>\r\n<li><strong>Solicitar a portabilidade de seus dados<\/strong>, atrav\u00e9s de um relat\u00f3rio de dados cadastrais que a\u00a0<em>DIVERSOM KARAOKE<\/em>trata a seu respeito.<\/li>\r\n<li><strong>Eliminar seus dados<\/strong>tratados a partir de seu consentimento, exceto nos casos previstos em lei.<\/li>\r\n<li><strong>Revogar seu consentimento<\/strong>, desautorizando o tratamento de seus dados.<\/li>\r\n<li><strong>Informar-se sobre a possibilidade de n\u00e3o fornecer seu consentimento<\/strong>e sobre as consequ\u00eancias da negativa.<\/li>\r\n<\/ul>\r\n<ol start=\"4\">\r\n<li><strong> Como voc\u00ea pode exercer seus direitos de titular?<\/strong><\/li>\r\n<\/ol>\r\n<p>Para exercer seus direitos de titular, voc\u00ea deve entrar em contato com a\u00a0<em>DIVERSOM KARAOKE<\/em>\u00a0atrav\u00e9s dos seguintes meios dispon\u00edveis:<\/p>\r\n<ul>\r\n<li><em><a href=\"mailto:diversomkaraoke@gmail.com\">diversomkaraoke@gmail.com<\/a><\/em><\/li>\r\n<li><em>55 (41) 98726-6103<\/em><\/li>\r\n<li><em>Meio de contato<\/em><\/li>\r\n<\/ul>\r\n<p>De forma a garantir a sua correta identifica\u00e7\u00e3o como titular dos dados pessoais objeto da solicita\u00e7\u00e3o, \u00e9 poss\u00edvel que solicitemos documentos ou demais comprova\u00e7\u00f5es que possam comprovar sua identidade. Nessa hip\u00f3tese, voc\u00ea ser\u00e1 informado previamente.<\/p>\r\n<ol start=\"5\">\r\n<li><strong> Como e por quanto tempo seus dados ser\u00e3o armazenados?<\/strong><\/li>\r\n<\/ol>\r\n<p>Seus dados pessoais coletados pela\u00a0<em>DIVERSOM KARAOKE<\/em>\u00a0ser\u00e3o utilizados e armazenados durante o tempo necess\u00e1rio para a presta\u00e7\u00e3o do servi\u00e7o ou para que as finalidades elencadas na presente Pol\u00edtica de Privacidade sejam atingidas, considerando os direitos dos titulares dos dados e dos controladores.<\/p>\r\n<p>De modo geral, seus dados ser\u00e3o mantidos enquanto a rela\u00e7\u00e3o contratual entre voc\u00ea e a\u00a0<em>DIVERSOM KARAOKE<\/em>\u00a0perdurar. Findado o per\u00edodo de armazenamento dos dados pessoais, estes ser\u00e3o exclu\u00eddos de nossas bases de dados ou anonimizados, ressalvadas as hip\u00f3teses legalmente previstas no artigo 16 lei geral de prote\u00e7\u00e3o de dados, a saber:<\/p>\r\n<p>I \u2013 cumprimento de obriga\u00e7\u00e3o legal ou regulat\u00f3ria pelo controlador;<\/p>\r\n<p>II \u2013 estudo por \u00f3rg\u00e3o de pesquisa, garantida, sempre que poss\u00edvel, a anonimiza\u00e7\u00e3o dos dados pessoais;<\/p>\r\n<p>III \u2013 transfer\u00eancia a terceiro, desde que respeitados os requisitos de tratamento de dados dispostos nesta Lei; ou<\/p>\r\n<p>IV \u2013 uso exclusivo do controlador, vedado seu acesso por terceiro, e desde que anonimizados os dados.<\/p>\r\n<p>Isto \u00e9, informa\u00e7\u00f5es pessoais sobre voc\u00ea que sejam imprescind\u00edveis para o cumprimento de determina\u00e7\u00f5es legais, judiciais e administrativas e\/ou para o exerc\u00edcio do direito de defesa em processos judiciais e administrativos ser\u00e3o mantidas, a despeito da exclus\u00e3o dos demais dados.\u00a0<\/p>\r\n<p>O armazenamento de dados coletados pela\u00a0<em>DIVERSOM KARAOKE<\/em>\u00a0reflete o nosso compromisso com a seguran\u00e7a e privacidade dos seus dados. Empregamos medidas e solu\u00e7\u00f5es t\u00e9cnicas de prote\u00e7\u00e3o aptas a garantir a confidencialidade, integridade e inviolabilidade dos seus dados. Al\u00e9m disso, tamb\u00e9m contamos com medidas de seguran\u00e7a apropriadas aos riscos e com controle de acesso \u00e0s informa\u00e7\u00f5es armazenadas.<\/p>\r\n<ol start=\"6\">\r\n<li><strong> O que fazemos para manter seus dados seguros?<\/strong><\/li>\r\n<\/ol>\r\n<p>Para mantermos suas informa\u00e7\u00f5es pessoais seguras, usamos ferramentas f\u00edsicas, eletr\u00f4nicas e gerenciais orientadas para a prote\u00e7\u00e3o da sua privacidade.<\/p>\r\n<p>Aplicamos essas ferramentas levando em considera\u00e7\u00e3o a natureza dos dados pessoais coletados, o contexto e a finalidade do tratamento e os riscos que eventuais viola\u00e7\u00f5es gerariam para os direitos e liberdades do titular dos dados coletados e tratados.<\/p>\r\n<p>Entre as medidas que adotamos, destacamos as seguintes:<\/p>\r\n<ul>\r\n<li>Apenas pessoas autorizadas t\u00eam acesso a seus dados pessoais<\/li>\r\n<li>O acesso a seus dados pessoais \u00e9 feito somente ap\u00f3s o compromisso de confidencialidade<\/li>\r\n<li>Seus dados pessoais s\u00e3o armazenados em ambiente seguro e id\u00f4neo.<\/li>\r\n<\/ul>\r\n<p>A\u00a0<em>DIVERSOM KARAOKE<\/em>\u00a0se compromete a adotar as melhores posturas para evitar incidentes de seguran\u00e7a. Contudo, \u00e9 necess\u00e1rio destacar que nenhuma p\u00e1gina virtual \u00e9 inteiramente segura e livre de riscos. \u00c9 poss\u00edvel que, apesar de todos os nossos protocolos de seguran\u00e7a, problemas de culpa exclusivamente de terceiros ocorram, como ataques cibern\u00e9ticos de\u00a0<em>hackers<\/em>, ou tamb\u00e9m em decorr\u00eancia da neglig\u00eancia ou imprud\u00eancia do pr\u00f3prio usu\u00e1rio\/cliente.<\/p>\r\n<p>Em caso de incidentes de seguran\u00e7a que possa gerar risco ou dano relevante para voc\u00ea ou qualquer um de nossos usu\u00e1rios\/clientes, comunicaremos aos afetados e a Autoridade Nacional de Prote\u00e7\u00e3o de Dados sobre o ocorrido, em conson\u00e2ncia com as disposi\u00e7\u00f5es da Lei Geral de Prote\u00e7\u00e3o de Dados.<\/p>\r\n<ol start=\"7\">\r\n<li><strong> Com quem seus dados podem ser compartilhados?<\/strong><\/li>\r\n<\/ol>\r\n<p>Tendo em vista a preserva\u00e7\u00e3o de sua privacidade, a\u00a0<em>DIVERSOM KARAOKE<\/em>\u00a0n\u00e3o compartilhar\u00e1 seus dados pessoais com nenhum terceiro n\u00e3o autorizado.\u00a0<\/p>\r\n<p><strong>7.1. Manuten\u00e7\u00e3o e atualiza\u00e7\u00e3o <\/strong><\/p>\r\n<p>Os usu\u00e1rios est\u00e3o ciente que em caso de atualiza\u00e7\u00e3o ou manuten\u00e7\u00e3o o servi\u00e7o poder\u00e1 apresentar instabilidade ate sua atualiza\u00e7\u00e3o<\/p>\r\n<ol start=\"8\">\r\n<li><strong> Cookies ou dados de navega\u00e7\u00e3o<\/strong><\/li>\r\n<\/ol>\r\n<p>A\u00a0<em>DIVERSOM KARAOKE<\/em>\u00a0faz uso de Cookies, que s\u00e3o arquivos de texto enviados pela plataforma ao seu computador e que nele se armazenam, que cont\u00e9m informa\u00e7\u00f5es relacionadas \u00e0 navega\u00e7\u00e3o do site. Em suma, os Cookies s\u00e3o utilizados para aprimorar a experi\u00eancia de uso.<\/p>\r\n<p>Ao acessar nosso site e consentir com o uso de Cookies, voc\u00ea manifesta conhecer e aceitar a utiliza\u00e7\u00e3o de um sistema de coleta de dados de navega\u00e7\u00e3o com o uso de Cookies em seu dispositivo.<\/p>\r\n<p><em>A DIVERSOM KARAOKE utiliza os seguintes Cookies:\u00a0<strong>(descri\u00e7\u00e3o dos tipos de Cookies utilizados pelo site).<\/strong><\/em><\/p>\r\n<p>Voc\u00ea pode, a qualquer tempo e sem nenhum custo, alterar as permiss\u00f5es, bloquear ou recusar os Cookies. Todavia, a revoga\u00e7\u00e3o do consentimento de determinados Cookies pode inviabilizar o funcionamento correto de alguns recursos da plataforma.<\/p>\r\n<p>Para gerenciar os cookies do seu navegador, basta faz\u00ea-lo diretamente nas configura\u00e7\u00f5es do navegador, na \u00e1rea de gest\u00e3o de Cookies. Voc\u00ea pode acessar tutoriais sobre o tema diretamente nos links abaixo:<\/p>\r\n<p>Se voc\u00ea usa o\u00a0<a href=\"https:\/\/support.microsoft.com\/pt-br\/help\/17442\/windows-internet-explorer-delete-manage-cookies\">Internet Explorer<\/a>.<\/p>\r\n<p>Se voc\u00ea usa o\u00a0<a href=\"https:\/\/support.mozilla.org\/pt-BR\/kb\/gerencie-configuracoes-de-armazenamento-local-de-s\">Firefox<\/a>.<\/p>\r\n<p>Se voc\u00ea usa o\u00a0<a href=\"https:\/\/support.apple.com\/pt-br\/guide\/safari\/sfri11471\/mac\">Safari<\/a>.<\/p>\r\n<p>Se voc\u00ea usa o\u00a0<a href=\"https:\/\/support.google.com\/chrome\/answer\/95647?co=GENIE.Platform%3DDesktop&amp;oco=1&amp;hl=pt-BR\">Google Chrome<\/a>.<\/p>\r\n<p>Se voc\u00ea usa o\u00a0<a href=\"https:\/\/support.microsoft.com\/pt-br\/help\/4027947\/microsoft-edge-delete-cookies\">Microsoft Edge<\/a>.<\/p>\r\n<p>Se voc\u00ea usa o\u00a0<a href=\"https:\/\/help.opera.com\/en\/latest\/web-preferences\/#cookies\">Opera<\/a>.<\/p>\r\n<p>Voc\u00ea pode ter maiores informa\u00e7\u00f5es sobre os Cookies que utilizamos e como eles funcionam na nossa Pol\u00edtica de Cookies, dispon\u00edvel neste link\u00a0<em>(link para a Pol\u00edtica de Cookies)<\/em>.<\/p>\r\n<ol start=\"9\">\r\n<li><strong> Altera\u00e7\u00e3o desta Pol\u00edtica de Privacidade<\/strong><\/li>\r\n<\/ol>\r\n<p>A atual vers\u00e3o da Pol\u00edtica de Privacidade foi formulada e atualizada pela \u00faltima vez em:\u00a0<em>02\/03\/2022<\/em><\/p>\r\n<p>Reservamos o direito de modificar essa Pol\u00edtica de Privacidade a qualquer tempo, principalmente em fun\u00e7\u00e3o da adequa\u00e7\u00e3o a eventuais altera\u00e7\u00f5es feitas em nosso site ou em \u00e2mbito legislativo. Recomendamos que voc\u00ea a revise com frequ\u00eancia.<\/p>\r\n<p>Eventuais altera\u00e7\u00f5es entrar\u00e3o em vigor a partir de sua publica\u00e7\u00e3o em nosso site e sempre lhe notificaremos acerca das mudan\u00e7as ocorridas.<\/p>\r\n<p>Ao utilizar nossos servi\u00e7os e fornecer seus dados pessoais ap\u00f3s tais modifica\u00e7\u00f5es, voc\u00ea as consente.\u00a0<\/p>\r\n<ol start=\"10\">\r\n<li><strong> Responsabilidade<\/strong><\/li>\r\n<\/ol>\r\n<p>A\u00a0<em>DIVERSOM KARAOKE\u00a0<\/em>prev\u00ea a responsabilidade dos agentes que atuam nos processos de tratamento de dados, em conformidade com os artigos 42 ao 45 da Lei Geral de Prote\u00e7\u00e3o de Dados.<\/p>\r\n<p>Nos comprometemos em manter esta Pol\u00edtica de Privacidade atualizada, observando suas disposi\u00e7\u00f5es e zelando por seu cumprimento.<\/p>\r\n<p>Al\u00e9m disso, tamb\u00e9m assumimos o compromisso de buscar condi\u00e7\u00f5es t\u00e9cnicas e organizativas seguramente aptas a proteger todo o processo de tratamento de dados.<\/p>\r\n<p>Caso a Autoridade Nacional de Prote\u00e7\u00e3o de Dados exija a ado\u00e7\u00e3o de provid\u00eancias em rela\u00e7\u00e3o ao tratamento de dados realizado pela\u00a0<em>DIVERSOM KARAOKE,\u00a0<\/em>comprometemo-nos a segui-las.\u00a0<\/p>\r\n<p><strong>10.1 Isen\u00e7\u00e3o de responsabilidade<\/strong><\/p>\r\n<p>Conforme mencionado no T\u00f3pico 6, embora adotemos elevados padr\u00f5es de seguran\u00e7a a fim de evitar incidentes, n\u00e3o h\u00e1 nenhuma p\u00e1gina virtual inteiramente livre de riscos. Nesse sentido, a\u00a0<em>DIVERSOM KARAOKE<\/em>\u00a0n\u00e3o se responsabiliza por:<\/p>\r\n<p>I \u2013 Quaisquer consequ\u00eancias decorrentes da neglig\u00eancia, imprud\u00eancia ou imper\u00edcia dos usu\u00e1rios em rela\u00e7\u00e3o a seus dados individuais. Garantimos e nos responsabilizamos apenas pela seguran\u00e7a dos processos de tratamento de dados e do cumprimento das finalidades descritas no presente instrumento.<\/p>\r\n<p>Destacamos que a responsabilidade em rela\u00e7\u00e3o \u00e0 confidencialidade dos dados de acesso \u00e9 do usu\u00e1rio.<\/p>\r\n<p>II \u2013 A\u00e7\u00f5es maliciosas de terceiros, como ataques de\u00a0<em>hackers<\/em>, exceto se comprovada conduta culposa ou deliberada da\u00a0<em>DIVERSOM KARAOKE.<\/em><\/p>\r\n<p>Destacamos que em caso de incidentes de seguran\u00e7a que possam gerar risco ou dano relevante para voc\u00ea ou qualquer um de nossos usu\u00e1rios\/clientes, comunicaremos aos afetados e a Autoridade Nacional de Prote\u00e7\u00e3o de Dados sobre o ocorrido e cumpriremos as provid\u00eancias necess\u00e1rias.<\/p>\r\n<p>III \u2013 Inveracidade das informa\u00e7\u00f5es inseridas pelo usu\u00e1rio\/cliente nos registros necess\u00e1rios para a utiliza\u00e7\u00e3o dos servi\u00e7os da\u00a0<em>DIVERSOM KARAOKE<\/em>; quaisquer consequ\u00eancias decorrentes de informa\u00e7\u00f5es falsas ou inseridas de m\u00e1-f\u00e9 s\u00e3o de inteiramente responsabilidade do usu\u00e1rio\/cliente.<\/p>\r\n<ol start=\"11\">\r\n<li><strong> Encarregado de Prote\u00e7\u00e3o de Dados<\/strong><\/li>\r\n<\/ol>\r\n<p>A\u00a0<em>DIVERSOM KARAOKE<\/em>\u00a0disponibiliza os seguintes meios para que voc\u00ea possa entrar em contato conosco para exercer seus direitos de titular:\u00a0<em>(meios de contato)<\/em>.<\/p>\r\n<p>Caso tenha d\u00favidas sobre esta Pol\u00edtica de Privacidade ou sobre os dados pessoais que tratamos, voc\u00ea pode entrar em contato com o nosso Encarregado de Prote\u00e7\u00e3o de Dados Pessoais, atrav\u00e9s dos seguintes canais:<\/p>\r\n<p><em>SAC DVS KARAOKE<\/em><\/p>\r\n<p>diversomkaraoke@gmail.com<\/p>\r\n","protected":false},"excerpt":{"rendered":"<p><span class=\"excerpt-hellip\"> [\u2026]<\/span><\/p>\n","protected":false},"author":1,"featured_media":0,"parent":0,"menu_order":0,"comment_status":"closed","ping_status":"open","template":"","meta":{"_crdt_document":"","pmpro_default_level":"","_joinchat":[],"footnotes":""},"class_list":["post-3","page","type-page","status-publish","hentry","pmpro-has-access"],"_links":{"self":[{"href":"https:\/\/www.cantarkaraoke.com.br\/index.php?rest_route=\/wp\/v2\/pages\/3","targetHints":{"allow":["GET"]}}],"collection":[{"href":"https:\/\/www.cantarkaraoke.com.br\/index.php?rest_route=\/wp\/v2\/pages"}],"about":[{"href":"https:\/\/www.cantarkaraoke.com.br\/index.php?rest_route=\/wp\/v2\/types\/page"}],"author":[{"embeddable":true,"href":"https:\/\/www.cantarkaraoke.com.br\/index.php?rest_route=\/wp\/v2\/users\/1"}],"replies":[{"embeddable":true,"href":"https:\/\/www.cantarkaraoke.com.br\/index.php?rest_route=%2Fwp%2Fv2%2Fcomments&post=3"}],"version-history":[{"count":1,"href":"https:\/\/www.cantarkaraoke.com.br\/index.php?rest_route=\/wp\/v2\/pages\/3\/revisions"}],"predecessor-version":[{"id":102450,"href":"https:\/\/www.cantarkaraoke.com.br\/index.php?rest_route=\/wp\/v2\/pages\/3\/revisions\/102450"}],"wp:attachment":[{"href":"https:\/\/www.cantarkaraoke.com.br\/index.php?rest_route=%2Fwp%2Fv2%2Fmedia&parent=3"}],"curies":[{"name":"wp","href":"https:\/\/api.w.org\/{rel}","templated":true}]}}